{"id":26656,"date":"2018-01-30T14:05:45","date_gmt":"2018-01-30T14:05:45","guid":{"rendered":"https:\/\/www.casanovaproduction.fi\/event-och-marknadsforingstjanster-i-finland\/"},"modified":"2018-01-30T14:05:45","modified_gmt":"2018-01-30T14:05:45","slug":"event-och-marknadsforingstjanster-i-finland","status":"publish","type":"page","link":"https:\/\/www.casanovaproduction.fi\/sv\/event-och-marknadsforingstjanster-i-finland\/","title":{"rendered":"Event- och marknadsf\u00f6ringstj\u00e4nster i Finland"},"content":{"rendered":"<p><strong>Event- och marknadsf\u00f6ringstj\u00e4nster f\u00f6r svenska f\u00f6retag i Finland<\/strong><\/p>\n<p>Vill du n\u00e5 ut till den finl\u00e4ndska m\u00e5lgruppen och bygga ett starkt och h\u00e5llbart varum\u00e4rke i Finland? Vi erbjuder skr\u00e4ddarsydda event- och marknadsf\u00f6ringstj\u00e4nster f\u00f6r f\u00f6retag som expanderar fr\u00e5n Sverige till Finland. Vi hj\u00e4lper dig att arrangera hela evenemanget, oavsett om det handlar om lanseringsevent, n\u00e4tverkskv\u00e4llar eller kundtr\u00e4ffar.  <\/p>\n<p><strong>Varf\u00f6r v\u00e4lja oss?<\/strong>  Som en erfaren evenemangsproducent och marknadsf\u00f6ringspartner k\u00e4nner vi till de finska n\u00e4tverken, leverant\u00f6rerna och lokalerna och kan organisera ditt evenemang som en helhetsl\u00f6sning. Vi k\u00e4nner till den finska kulturen, vilket g\u00f6r ditt f\u00f6retag bekant f\u00f6r den lokala publiken och hj\u00e4lper ditt varum\u00e4rke att sl\u00e5 rot i Finland. <strong>Reklambyr\u00e5tj\u00e4nster och digitala kampanjer<\/strong> F\u00f6rutom evenemang erbjuder vi omfattande marknadsf\u00f6ringstj\u00e4nster &#8211; vi planerar och genomf\u00f6r ditt f\u00f6retags reklam i Finland. Vi kan hj\u00e4lpa dig att skapa och rikta digitala kampanjer till en finsk publik, s\u00e5 att ditt f\u00f6retag n\u00e5r r\u00e4tt kunder och f\u00e5r fotf\u00e4ste p\u00e5 den lokala marknaden. Vi \u00e4r ett team med kulturell m\u00e5ngfald, s\u00e5 vi f\u00f6rst\u00e5r hur den finska och den svenska aff\u00e4rsv\u00e4rlden skiljer sig \u00e5t. Med denna expertis kan vi hj\u00e4lpa dig att g\u00f6ra din expansion p\u00e5 den finska marknaden smidig och l\u00f6nsam. <\/p>\n<p> <a href=\"https:\/\/www.casanovaproduction.fi\/wp-content\/uploads\/2017\/09\/20151120_155746DSC_6872-24.jpg\"><img loading=\"lazy\" decoding=\"async\" class=\"alignnone size-full wp-image-24923\" src=\"https:\/\/www.casanovaproduction.fi\/wp-content\/uploads\/2017\/09\/20151120_155746DSC_6872-24.jpg\" alt=\"\" width=\"800\" height=\"476\" srcset=\"https:\/\/www.casanovaproduction.fi\/wp-content\/uploads\/2017\/09\/20151120_155746DSC_6872-24.jpg 800w, https:\/\/www.casanovaproduction.fi\/wp-content\/uploads\/2017\/09\/20151120_155746DSC_6872-24-300x179.jpg 300w, https:\/\/www.casanovaproduction.fi\/wp-content\/uploads\/2017\/09\/20151120_155746DSC_6872-24-768x457.jpg 768w\" sizes=\"(max-width: 800px) 100vw, 800px\" \/><\/a><\/p>\n<p>&nbsp;<\/p>\n<!--[if lt IE 9]><script>document.createElement('audio');<\/script><![endif]-->\n<audio class=\"wp-audio-shortcode\" id=\"audio-26656-1\" preload=\"none\" style=\"width: 100%;\" controls=\"controls\"><source type=\"audio\/mpeg\" src=\"https:\/\/www.casanovaproduction.fi\/wp-content\/uploads\/2018\/01\/Casanova-logo-suomi-versio-3.mp3?_=1\" \/><a href=\"https:\/\/www.casanovaproduction.fi\/wp-content\/uploads\/2018\/01\/Casanova-logo-suomi-versio-3.mp3\">https:\/\/www.casanovaproduction.fi\/wp-content\/uploads\/2018\/01\/Casanova-logo-suomi-versio-3.mp3<\/a><\/audio>\n","protected":false},"excerpt":{"rendered":"<p>Event- och marknadsf\u00f6ringstj\u00e4nster f\u00f6r svenska f\u00f6retag i Finland Vill du n\u00e5 ut till den finl\u00e4ndska m\u00e5lgruppen och bygga ett starkt och h\u00e5llbart varum\u00e4rke i Finland? Vi erbjuder skr\u00e4ddarsydda event- och marknadsf\u00f6ringstj\u00e4nster f\u00f6r f\u00f6retag som expanderar fr\u00e5n Sverige till Finland. Vi hj\u00e4lper dig att arrangera hela evenemanget, oavsett om det handlar om lanseringsevent, n\u00e4tverkskv\u00e4llar eller kundtr\u00e4ffar. [&hellip;]<\/p>\n","protected":false},"author":2,"featured_media":0,"parent":0,"menu_order":0,"comment_status":"closed","ping_status":"closed","template":"","meta":{"_et_pb_use_builder":"","_et_pb_old_content":"","_et_gb_content_width":"","footnotes":""},"class_list":["post-26656","page","type-page","status-publish","hentry"],"yoast_head":"<!-- This site is optimized with the Yoast SEO plugin v24.5 - https:\/\/yoast.com\/wordpress\/plugins\/seo\/ -->\n<title>Event- och marknadsf\u00f6ringstj\u00e4nster i Finland - Casanova production<\/title>\n<meta name=\"robots\" content=\"index, follow, max-snippet:-1, max-image-preview:large, max-video-preview:-1\" \/>\n<link rel=\"canonical\" href=\"https:\/\/www.casanovaproduction.fi\/sv\/event-och-marknadsforingstjanster-i-finland\/\" \/>\n<meta property=\"og:locale\" content=\"sv_SE\" \/>\n<meta property=\"og:type\" content=\"article\" \/>\n<meta property=\"og:title\" content=\"Event- och marknadsf\u00f6ringstj\u00e4nster i Finland - Casanova production\" \/>\n<meta property=\"og:description\" content=\"Event- och marknadsf\u00f6ringstj\u00e4nster f\u00f6r svenska f\u00f6retag i Finland Vill du n\u00e5 ut till den finl\u00e4ndska m\u00e5lgruppen och bygga ett starkt och h\u00e5llbart varum\u00e4rke i Finland? Vi erbjuder skr\u00e4ddarsydda event- och marknadsf\u00f6ringstj\u00e4nster f\u00f6r f\u00f6retag som expanderar fr\u00e5n Sverige till Finland. Vi hj\u00e4lper dig att arrangera hela evenemanget, oavsett om det handlar om lanseringsevent, n\u00e4tverkskv\u00e4llar eller kundtr\u00e4ffar. [&hellip;]\" \/>\n<meta property=\"og:url\" content=\"https:\/\/www.casanovaproduction.fi\/sv\/event-och-marknadsforingstjanster-i-finland\/\" \/>\n<meta property=\"og:site_name\" content=\"Casanova production\" \/>\n<meta property=\"og:image\" content=\"https:\/\/www.casanovaproduction.fi\/wp-content\/uploads\/2017\/09\/20151120_155746DSC_6872-24.jpg\" \/>\n\t<meta property=\"og:image:width\" content=\"800\" \/>\n\t<meta property=\"og:image:height\" content=\"476\" \/>\n\t<meta property=\"og:image:type\" content=\"image\/jpeg\" \/>\n<meta name=\"twitter:card\" content=\"summary_large_image\" \/>\n<meta name=\"twitter:label1\" content=\"Ber\u00e4knad l\u00e4stid\" \/>\n\t<meta name=\"twitter:data1\" content=\"1 minut\" \/>\n<script type=\"application\/ld+json\" class=\"yoast-schema-graph\">{\"@context\":\"https:\/\/schema.org\",\"@graph\":[{\"@type\":\"WebPage\",\"@id\":\"https:\/\/www.casanovaproduction.fi\/sv\/event-och-marknadsforingstjanster-i-finland\/\",\"url\":\"https:\/\/www.casanovaproduction.fi\/sv\/event-och-marknadsforingstjanster-i-finland\/\",\"name\":\"Event- och marknadsf\u00f6ringstj\u00e4nster i Finland - Casanova production\",\"isPartOf\":{\"@id\":\"https:\/\/www.casanovaproduction.fi\/sv\/#website\"},\"primaryImageOfPage\":{\"@id\":\"https:\/\/www.casanovaproduction.fi\/sv\/event-och-marknadsforingstjanster-i-finland\/#primaryimage\"},\"image\":{\"@id\":\"https:\/\/www.casanovaproduction.fi\/sv\/event-och-marknadsforingstjanster-i-finland\/#primaryimage\"},\"thumbnailUrl\":\"https:\/\/www.casanovaproduction.fi\/wp-content\/uploads\/2017\/09\/20151120_155746DSC_6872-24.jpg\",\"datePublished\":\"2018-01-30T14:05:45+00:00\",\"breadcrumb\":{\"@id\":\"https:\/\/www.casanovaproduction.fi\/sv\/event-och-marknadsforingstjanster-i-finland\/#breadcrumb\"},\"inLanguage\":\"sv-SE\",\"potentialAction\":[{\"@type\":\"ReadAction\",\"target\":[\"https:\/\/www.casanovaproduction.fi\/sv\/event-och-marknadsforingstjanster-i-finland\/\"]}]},{\"@type\":\"ImageObject\",\"inLanguage\":\"sv-SE\",\"@id\":\"https:\/\/www.casanovaproduction.fi\/sv\/event-och-marknadsforingstjanster-i-finland\/#primaryimage\",\"url\":\"https:\/\/www.casanovaproduction.fi\/wp-content\/uploads\/2017\/09\/20151120_155746DSC_6872-24.jpg\",\"contentUrl\":\"https:\/\/www.casanovaproduction.fi\/wp-content\/uploads\/2017\/09\/20151120_155746DSC_6872-24.jpg\"},{\"@type\":\"BreadcrumbList\",\"@id\":\"https:\/\/www.casanovaproduction.fi\/sv\/event-och-marknadsforingstjanster-i-finland\/#breadcrumb\",\"itemListElement\":[{\"@type\":\"ListItem\",\"position\":1,\"name\":\"Hem\",\"item\":\"https:\/\/www.casanovaproduction.fi\/sv\/hemsidan\/\"},{\"@type\":\"ListItem\",\"position\":2,\"name\":\"Event- och marknadsf\u00f6ringstj\u00e4nster i Finland\"}]},{\"@type\":\"WebSite\",\"@id\":\"https:\/\/www.casanovaproduction.fi\/sv\/#website\",\"url\":\"https:\/\/www.casanovaproduction.fi\/sv\/\",\"name\":\"Casanova production\",\"description\":\"Artister till din fest fr\u00e5n evenemangskontoret. \",\"potentialAction\":[{\"@type\":\"SearchAction\",\"target\":{\"@type\":\"EntryPoint\",\"urlTemplate\":\"https:\/\/www.casanovaproduction.fi\/sv\/?s={search_term_string}\"},\"query-input\":{\"@type\":\"PropertyValueSpecification\",\"valueRequired\":true,\"valueName\":\"search_term_string\"}}],\"inLanguage\":\"sv-SE\"}]}<\/script>\n<!-- \/ Yoast SEO plugin. -->","yoast_head_json":{"title":"Event- och marknadsf\u00f6ringstj\u00e4nster i Finland - Casanova production","robots":{"index":"index","follow":"follow","max-snippet":"max-snippet:-1","max-image-preview":"max-image-preview:large","max-video-preview":"max-video-preview:-1"},"canonical":"https:\/\/www.casanovaproduction.fi\/sv\/event-och-marknadsforingstjanster-i-finland\/","og_locale":"sv_SE","og_type":"article","og_title":"Event- och marknadsf\u00f6ringstj\u00e4nster i Finland - Casanova production","og_description":"Event- och marknadsf\u00f6ringstj\u00e4nster f\u00f6r svenska f\u00f6retag i Finland Vill du n\u00e5 ut till den finl\u00e4ndska m\u00e5lgruppen och bygga ett starkt och h\u00e5llbart varum\u00e4rke i Finland? Vi erbjuder skr\u00e4ddarsydda event- och marknadsf\u00f6ringstj\u00e4nster f\u00f6r f\u00f6retag som expanderar fr\u00e5n Sverige till Finland. Vi hj\u00e4lper dig att arrangera hela evenemanget, oavsett om det handlar om lanseringsevent, n\u00e4tverkskv\u00e4llar eller kundtr\u00e4ffar. [&hellip;]","og_url":"https:\/\/www.casanovaproduction.fi\/sv\/event-och-marknadsforingstjanster-i-finland\/","og_site_name":"Casanova production","og_image":[{"width":800,"height":476,"url":"https:\/\/www.casanovaproduction.fi\/wp-content\/uploads\/2017\/09\/20151120_155746DSC_6872-24.jpg","type":"image\/jpeg"}],"twitter_card":"summary_large_image","twitter_misc":{"Ber\u00e4knad l\u00e4stid":"1 minut"},"schema":{"@context":"https:\/\/schema.org","@graph":[{"@type":"WebPage","@id":"https:\/\/www.casanovaproduction.fi\/sv\/event-och-marknadsforingstjanster-i-finland\/","url":"https:\/\/www.casanovaproduction.fi\/sv\/event-och-marknadsforingstjanster-i-finland\/","name":"Event- och marknadsf\u00f6ringstj\u00e4nster i Finland - Casanova production","isPartOf":{"@id":"https:\/\/www.casanovaproduction.fi\/sv\/#website"},"primaryImageOfPage":{"@id":"https:\/\/www.casanovaproduction.fi\/sv\/event-och-marknadsforingstjanster-i-finland\/#primaryimage"},"image":{"@id":"https:\/\/www.casanovaproduction.fi\/sv\/event-och-marknadsforingstjanster-i-finland\/#primaryimage"},"thumbnailUrl":"https:\/\/www.casanovaproduction.fi\/wp-content\/uploads\/2017\/09\/20151120_155746DSC_6872-24.jpg","datePublished":"2018-01-30T14:05:45+00:00","breadcrumb":{"@id":"https:\/\/www.casanovaproduction.fi\/sv\/event-och-marknadsforingstjanster-i-finland\/#breadcrumb"},"inLanguage":"sv-SE","potentialAction":[{"@type":"ReadAction","target":["https:\/\/www.casanovaproduction.fi\/sv\/event-och-marknadsforingstjanster-i-finland\/"]}]},{"@type":"ImageObject","inLanguage":"sv-SE","@id":"https:\/\/www.casanovaproduction.fi\/sv\/event-och-marknadsforingstjanster-i-finland\/#primaryimage","url":"https:\/\/www.casanovaproduction.fi\/wp-content\/uploads\/2017\/09\/20151120_155746DSC_6872-24.jpg","contentUrl":"https:\/\/www.casanovaproduction.fi\/wp-content\/uploads\/2017\/09\/20151120_155746DSC_6872-24.jpg"},{"@type":"BreadcrumbList","@id":"https:\/\/www.casanovaproduction.fi\/sv\/event-och-marknadsforingstjanster-i-finland\/#breadcrumb","itemListElement":[{"@type":"ListItem","position":1,"name":"Hem","item":"https:\/\/www.casanovaproduction.fi\/sv\/hemsidan\/"},{"@type":"ListItem","position":2,"name":"Event- och marknadsf\u00f6ringstj\u00e4nster i Finland"}]},{"@type":"WebSite","@id":"https:\/\/www.casanovaproduction.fi\/sv\/#website","url":"https:\/\/www.casanovaproduction.fi\/sv\/","name":"Casanova production","description":"Artister till din fest fr\u00e5n evenemangskontoret. ","potentialAction":[{"@type":"SearchAction","target":{"@type":"EntryPoint","urlTemplate":"https:\/\/www.casanovaproduction.fi\/sv\/?s={search_term_string}"},"query-input":{"@type":"PropertyValueSpecification","valueRequired":true,"valueName":"search_term_string"}}],"inLanguage":"sv-SE"}]}},"_links":{"self":[{"href":"https:\/\/www.casanovaproduction.fi\/sv\/wp-json\/wp\/v2\/pages\/26656","targetHints":{"allow":["GET"]}}],"collection":[{"href":"https:\/\/www.casanovaproduction.fi\/sv\/wp-json\/wp\/v2\/pages"}],"about":[{"href":"https:\/\/www.casanovaproduction.fi\/sv\/wp-json\/wp\/v2\/types\/page"}],"author":[{"embeddable":true,"href":"https:\/\/www.casanovaproduction.fi\/sv\/wp-json\/wp\/v2\/users\/2"}],"replies":[{"embeddable":true,"href":"https:\/\/www.casanovaproduction.fi\/sv\/wp-json\/wp\/v2\/comments?post=26656"}],"version-history":[{"count":0,"href":"https:\/\/www.casanovaproduction.fi\/sv\/wp-json\/wp\/v2\/pages\/26656\/revisions"}],"wp:attachment":[{"href":"https:\/\/www.casanovaproduction.fi\/sv\/wp-json\/wp\/v2\/media?parent=26656"}],"curies":[{"name":"wp","href":"https:\/\/api.w.org\/{rel}","templated":true}]}}