{"id":26621,"date":"2019-03-13T12:24:42","date_gmt":"2019-03-13T12:24:42","guid":{"rendered":"https:\/\/www.casanovaproduction.fi\/anbudsinfordran\/"},"modified":"2025-01-22T10:07:31","modified_gmt":"2025-01-22T10:07:31","slug":"anbudsinfordran","status":"publish","type":"page","link":"https:\/\/www.casanovaproduction.fi\/sv\/anbudsinfordran\/","title":{"rendered":"Anbudsinfordran"},"content":{"rendered":"<p>[et_pb_section fb_built=&#8221;1&#8243; _builder_version=&#8221;4.16&#8243; global_colors_info=&#8221;{}&#8221;][et_pb_row column_structure=&#8221;2_3,1_3&#8243; _builder_version=&#8221;4.16&#8243; background_size=&#8221;initial&#8221; background_position=&#8221;top_left&#8221; background_repeat=&#8221;repeat&#8221; global_colors_info=&#8221;{}&#8221;][et_pb_column type=&#8221;2_3&#8243; _builder_version=&#8221;4.16&#8243; custom_padding=&#8221;|||&#8221; global_colors_info=&#8221;{}&#8221; custom_padding__hover=&#8221;|||&#8221;][et_pb_text _builder_version=&#8221;4.16&#8243; global_colors_info=&#8221;{}&#8221;]<\/p>\n<h2>Anbudsinfordran<\/h2>\n<p>Har du en fest eller ett annat evenemang p\u00e5 g\u00e5ng? L\u00e5t oss veta vad du beh\u00f6ver s\u00e5 skickar vi en prelimin\u00e4r offert. Vi kan ocks\u00e5 hj\u00e4lpa dig med planeringen!  <\/p>\n<p>[\/et_pb_text][\/et_pb_column][et_pb_column type=&#8221;1_3&#8243; _builder_version=&#8221;4.16&#8243; custom_padding=&#8221;|||&#8221; global_colors_info=&#8221;{}&#8221; custom_padding__hover=&#8221;|||&#8221;][et_pb_toggle _builder_version=&#8221;4.27.2&#8243; _module_preset=&#8221;default&#8221; global_colors_info=&#8221;{}&#8221;][\/et_pb_toggle][\/et_pb_column][\/et_pb_row][et_pb_row _builder_version=&#8221;4.16&#8243; background_size=&#8221;initial&#8221; background_position=&#8221;top_left&#8221; background_repeat=&#8221;repeat&#8221; collapsed=&#8221;on&#8221; global_colors_info=&#8221;{}&#8221;][et_pb_column type=&#8221;4_4&#8243; _builder_version=&#8221;4.16&#8243; custom_padding=&#8221;|||&#8221; global_colors_info=&#8221;{}&#8221; custom_padding__hover=&#8221;|||&#8221;][et_pb_contact_form email=&#8221;anette.uusitalo@gmail.com&#8221; title=&#8221;Kontakta oss!&#8221; custom_message=&#8221;%%Name%%||et_pb_line_break_holder||%%Email%%||et_pb_line_break_holder||%%Message%%&#8221; success_message=&#8221;Tack, ditt meddelande har skickats. Vi \u00e5terkommer till dig inom kort! &#8221; submit_button_text=&#8221;Skicka till&#8221; module_id=&#8221;et_pb_contact_form_0&#8243; _builder_version=&#8221;4.16&#8243; _unique_id=&#8221;c3928caa-7436-405e-87df-4ea10c7dbae4&#8243; border_radii=&#8221;on|0px|0px|0px|0px&#8221; border_style=&#8221;solid&#8221; input_border_radius=&#8221;0&#8243; global_colors_info=&#8221;{}&#8221;][et_pb_contact_field field_id=&#8221;Name&#8221; field_title=&#8221;Namn&#8221; _builder_version=&#8221;4.16&#8243; global_colors_info=&#8221;{}&#8221; button_text_size__hover_enabled=&#8221;off&#8221; button_one_text_size__hover_enabled=&#8221;off&#8221; button_two_text_size__hover_enabled=&#8221;off&#8221; button_text_color__hover_enabled=&#8221;off&#8221; button_one_text_color__hover_enabled=&#8221;off&#8221; button_two_text_color__hover_enabled=&#8221;off&#8221; button_border_width__hover_enabled=&#8221;off&#8221; button_one_border_width__hover_enabled=&#8221;off&#8221; button_two_border_width__hover_enabled=&#8221;off&#8221; button_border_color__hover_enabled=&#8221;off&#8221; button_one_border_color__hover_enabled=&#8221;off&#8221; button_two_border_color__hover_enabled=&#8221;off&#8221; button_border_radius__hover_enabled=&#8221;off&#8221; button_one_border_radius__hover_enabled=&#8221;off&#8221; button_two_border_radius__hover_enabled=&#8221;off&#8221; button_letter_spacing__hover_enabled=&#8221;off&#8221; button_one_letter_spacing__hover_enabled=&#8221;off&#8221; button_two_letter_spacing__hover_enabled=&#8221;off&#8221; button_bg_color__hover_enabled=&#8221;off&#8221; button_one_bg_color__hover_enabled=&#8221;off&#8221; button_two_bg_color__hover_enabled=&#8221;off&#8221;][\/et_pb_contact_field][et_pb_contact_field field_id=&#8221;Email&#8221; field_title=&#8221;E-postadress&#8221; field_type=&#8221;email&#8221; _builder_version=&#8221;4.16&#8243; global_colors_info=&#8221;{}&#8221; button_text_size__hover_enabled=&#8221;off&#8221; button_one_text_size__hover_enabled=&#8221;off&#8221; button_two_text_size__hover_enabled=&#8221;off&#8221; button_text_color__hover_enabled=&#8221;off&#8221; button_one_text_color__hover_enabled=&#8221;off&#8221; button_two_text_color__hover_enabled=&#8221;off&#8221; button_border_width__hover_enabled=&#8221;off&#8221; button_one_border_width__hover_enabled=&#8221;off&#8221; button_two_border_width__hover_enabled=&#8221;off&#8221; button_border_color__hover_enabled=&#8221;off&#8221; button_one_border_color__hover_enabled=&#8221;off&#8221; button_two_border_color__hover_enabled=&#8221;off&#8221; button_border_radius__hover_enabled=&#8221;off&#8221; button_one_border_radius__hover_enabled=&#8221;off&#8221; button_two_border_radius__hover_enabled=&#8221;off&#8221; button_letter_spacing__hover_enabled=&#8221;off&#8221; button_one_letter_spacing__hover_enabled=&#8221;off&#8221; button_two_letter_spacing__hover_enabled=&#8221;off&#8221; button_bg_color__hover_enabled=&#8221;off&#8221; button_one_bg_color__hover_enabled=&#8221;off&#8221; button_two_bg_color__hover_enabled=&#8221;off&#8221;][\/et_pb_contact_field][et_pb_contact_field field_id=&#8221;Message&#8221; field_title=&#8221;Meddelande&#8221; field_type=&#8221;text&#8221; fullwidth_field=&#8221;on&#8221; _builder_version=&#8221;4.16&#8243; global_colors_info=&#8221;{}&#8221; button_text_size__hover_enabled=&#8221;off&#8221; button_one_text_size__hover_enabled=&#8221;off&#8221; button_two_text_size__hover_enabled=&#8221;off&#8221; button_text_color__hover_enabled=&#8221;off&#8221; button_one_text_color__hover_enabled=&#8221;off&#8221; button_two_text_color__hover_enabled=&#8221;off&#8221; button_border_width__hover_enabled=&#8221;off&#8221; button_one_border_width__hover_enabled=&#8221;off&#8221; button_two_border_width__hover_enabled=&#8221;off&#8221; button_border_color__hover_enabled=&#8221;off&#8221; button_one_border_color__hover_enabled=&#8221;off&#8221; button_two_border_color__hover_enabled=&#8221;off&#8221; button_border_radius__hover_enabled=&#8221;off&#8221; button_one_border_radius__hover_enabled=&#8221;off&#8221; button_two_border_radius__hover_enabled=&#8221;off&#8221; button_letter_spacing__hover_enabled=&#8221;off&#8221; button_one_letter_spacing__hover_enabled=&#8221;off&#8221; button_two_letter_spacing__hover_enabled=&#8221;off&#8221; button_bg_color__hover_enabled=&#8221;off&#8221; button_one_bg_color__hover_enabled=&#8221;off&#8221; button_two_bg_color__hover_enabled=&#8221;off&#8221;][\/et_pb_contact_field][\/et_pb_contact_form][\/et_pb_column][\/et_pb_row][\/et_pb_section]<\/p>\n","protected":false},"excerpt":{"rendered":"<p>Anbudsinfordran Har du en fest eller ett annat evenemang p\u00e5 g\u00e5ng? L\u00e5t oss veta vad du beh\u00f6ver s\u00e5 skickar vi en prelimin\u00e4r offert. Vi kan ocks\u00e5 hj\u00e4lpa dig med planeringen!<\/p>\n","protected":false},"author":4,"featured_media":0,"parent":0,"menu_order":0,"comment_status":"closed","ping_status":"closed","template":"","meta":{"_et_pb_use_builder":"on","_et_pb_old_content":"","_et_gb_content_width":"","footnotes":""},"class_list":["post-26621","page","type-page","status-publish","hentry"],"yoast_head":"<!-- This site is optimized with the Yoast SEO plugin v24.5 - https:\/\/yoast.com\/wordpress\/plugins\/seo\/ -->\n<title>Anbudsinfordran - Casanova production<\/title>\n<meta name=\"robots\" content=\"index, follow, max-snippet:-1, max-image-preview:large, max-video-preview:-1\" \/>\n<link rel=\"canonical\" href=\"https:\/\/www.casanovaproduction.fi\/sv\/anbudsinfordran\/\" \/>\n<meta property=\"og:locale\" content=\"sv_SE\" \/>\n<meta property=\"og:type\" content=\"article\" \/>\n<meta property=\"og:title\" content=\"Anbudsinfordran - Casanova production\" \/>\n<meta property=\"og:description\" content=\"Anbudsinfordran Har du en fest eller ett annat evenemang p\u00e5 g\u00e5ng? L\u00e5t oss veta vad du beh\u00f6ver s\u00e5 skickar vi en prelimin\u00e4r offert. Vi kan ocks\u00e5 hj\u00e4lpa dig med planeringen!\" \/>\n<meta property=\"og:url\" content=\"https:\/\/www.casanovaproduction.fi\/sv\/anbudsinfordran\/\" \/>\n<meta property=\"og:site_name\" content=\"Casanova production\" \/>\n<meta property=\"article:modified_time\" content=\"2025-01-22T10:07:31+00:00\" \/>\n<meta name=\"twitter:card\" content=\"summary_large_image\" \/>\n<meta name=\"twitter:label1\" content=\"Ber\u00e4knad l\u00e4stid\" \/>\n\t<meta name=\"twitter:data1\" content=\"4 minuter\" \/>\n<script type=\"application\/ld+json\" class=\"yoast-schema-graph\">{\"@context\":\"https:\/\/schema.org\",\"@graph\":[{\"@type\":\"WebPage\",\"@id\":\"https:\/\/www.casanovaproduction.fi\/sv\/anbudsinfordran\/\",\"url\":\"https:\/\/www.casanovaproduction.fi\/sv\/anbudsinfordran\/\",\"name\":\"Anbudsinfordran - Casanova production\",\"isPartOf\":{\"@id\":\"https:\/\/www.casanovaproduction.fi\/sv\/#website\"},\"datePublished\":\"2019-03-13T12:24:42+00:00\",\"dateModified\":\"2025-01-22T10:07:31+00:00\",\"breadcrumb\":{\"@id\":\"https:\/\/www.casanovaproduction.fi\/sv\/anbudsinfordran\/#breadcrumb\"},\"inLanguage\":\"sv-SE\",\"potentialAction\":[{\"@type\":\"ReadAction\",\"target\":[\"https:\/\/www.casanovaproduction.fi\/sv\/anbudsinfordran\/\"]}]},{\"@type\":\"BreadcrumbList\",\"@id\":\"https:\/\/www.casanovaproduction.fi\/sv\/anbudsinfordran\/#breadcrumb\",\"itemListElement\":[{\"@type\":\"ListItem\",\"position\":1,\"name\":\"Hem\",\"item\":\"https:\/\/www.casanovaproduction.fi\/sv\/hemsidan\/\"},{\"@type\":\"ListItem\",\"position\":2,\"name\":\"Anbudsinfordran\"}]},{\"@type\":\"WebSite\",\"@id\":\"https:\/\/www.casanovaproduction.fi\/sv\/#website\",\"url\":\"https:\/\/www.casanovaproduction.fi\/sv\/\",\"name\":\"Casanova production\",\"description\":\"Artister till din fest fr\u00e5n evenemangskontoret. \",\"potentialAction\":[{\"@type\":\"SearchAction\",\"target\":{\"@type\":\"EntryPoint\",\"urlTemplate\":\"https:\/\/www.casanovaproduction.fi\/sv\/?s={search_term_string}\"},\"query-input\":{\"@type\":\"PropertyValueSpecification\",\"valueRequired\":true,\"valueName\":\"search_term_string\"}}],\"inLanguage\":\"sv-SE\"}]}<\/script>\n<!-- \/ Yoast SEO plugin. -->","yoast_head_json":{"title":"Anbudsinfordran - Casanova production","robots":{"index":"index","follow":"follow","max-snippet":"max-snippet:-1","max-image-preview":"max-image-preview:large","max-video-preview":"max-video-preview:-1"},"canonical":"https:\/\/www.casanovaproduction.fi\/sv\/anbudsinfordran\/","og_locale":"sv_SE","og_type":"article","og_title":"Anbudsinfordran - Casanova production","og_description":"Anbudsinfordran Har du en fest eller ett annat evenemang p\u00e5 g\u00e5ng? L\u00e5t oss veta vad du beh\u00f6ver s\u00e5 skickar vi en prelimin\u00e4r offert. Vi kan ocks\u00e5 hj\u00e4lpa dig med planeringen!","og_url":"https:\/\/www.casanovaproduction.fi\/sv\/anbudsinfordran\/","og_site_name":"Casanova production","article_modified_time":"2025-01-22T10:07:31+00:00","twitter_card":"summary_large_image","twitter_misc":{"Ber\u00e4knad l\u00e4stid":"4 minuter"},"schema":{"@context":"https:\/\/schema.org","@graph":[{"@type":"WebPage","@id":"https:\/\/www.casanovaproduction.fi\/sv\/anbudsinfordran\/","url":"https:\/\/www.casanovaproduction.fi\/sv\/anbudsinfordran\/","name":"Anbudsinfordran - Casanova production","isPartOf":{"@id":"https:\/\/www.casanovaproduction.fi\/sv\/#website"},"datePublished":"2019-03-13T12:24:42+00:00","dateModified":"2025-01-22T10:07:31+00:00","breadcrumb":{"@id":"https:\/\/www.casanovaproduction.fi\/sv\/anbudsinfordran\/#breadcrumb"},"inLanguage":"sv-SE","potentialAction":[{"@type":"ReadAction","target":["https:\/\/www.casanovaproduction.fi\/sv\/anbudsinfordran\/"]}]},{"@type":"BreadcrumbList","@id":"https:\/\/www.casanovaproduction.fi\/sv\/anbudsinfordran\/#breadcrumb","itemListElement":[{"@type":"ListItem","position":1,"name":"Hem","item":"https:\/\/www.casanovaproduction.fi\/sv\/hemsidan\/"},{"@type":"ListItem","position":2,"name":"Anbudsinfordran"}]},{"@type":"WebSite","@id":"https:\/\/www.casanovaproduction.fi\/sv\/#website","url":"https:\/\/www.casanovaproduction.fi\/sv\/","name":"Casanova production","description":"Artister till din fest fr\u00e5n evenemangskontoret. ","potentialAction":[{"@type":"SearchAction","target":{"@type":"EntryPoint","urlTemplate":"https:\/\/www.casanovaproduction.fi\/sv\/?s={search_term_string}"},"query-input":{"@type":"PropertyValueSpecification","valueRequired":true,"valueName":"search_term_string"}}],"inLanguage":"sv-SE"}]}},"_links":{"self":[{"href":"https:\/\/www.casanovaproduction.fi\/sv\/wp-json\/wp\/v2\/pages\/26621","targetHints":{"allow":["GET"]}}],"collection":[{"href":"https:\/\/www.casanovaproduction.fi\/sv\/wp-json\/wp\/v2\/pages"}],"about":[{"href":"https:\/\/www.casanovaproduction.fi\/sv\/wp-json\/wp\/v2\/types\/page"}],"author":[{"embeddable":true,"href":"https:\/\/www.casanovaproduction.fi\/sv\/wp-json\/wp\/v2\/users\/4"}],"replies":[{"embeddable":true,"href":"https:\/\/www.casanovaproduction.fi\/sv\/wp-json\/wp\/v2\/comments?post=26621"}],"version-history":[{"count":9,"href":"https:\/\/www.casanovaproduction.fi\/sv\/wp-json\/wp\/v2\/pages\/26621\/revisions"}],"predecessor-version":[{"id":26673,"href":"https:\/\/www.casanovaproduction.fi\/sv\/wp-json\/wp\/v2\/pages\/26621\/revisions\/26673"}],"wp:attachment":[{"href":"https:\/\/www.casanovaproduction.fi\/sv\/wp-json\/wp\/v2\/media?parent=26621"}],"curies":[{"name":"wp","href":"https:\/\/api.w.org\/{rel}","templated":true}]}}