{"id":26559,"date":"2018-08-03T13:14:24","date_gmt":"2018-08-03T13:14:24","guid":{"rendered":"https:\/\/www.casanovaproduction.fi\/tyky\/"},"modified":"2024-09-25T10:20:34","modified_gmt":"2024-09-25T10:20:34","slug":"tyky","status":"publish","type":"page","link":"https:\/\/www.casanovaproduction.fi\/sv\/tyky\/","title":{"rendered":"TyKy"},"content":{"rendered":"<p>[et_pb_section bb_built=&#8221;1&#8243;][et_pb_row][et_pb_column type=&#8221;4_4&#8243;][et_pb_text _builder_version=&#8221;3.9&#8243;]<\/p>\n<h1>Program f\u00f6r TyKy-dagen<\/h1>\n<p>[\/et_pb_text][et_pb_divider color=&#8221;#6a0a0b&#8221; show_divider=&#8221;on&#8221; height=&#8221;0px&#8221; _builder_version=&#8221;3.1.1&#8243; saved_tabs=&#8221;all&#8221;]<\/p>\n<p>&nbsp;<\/p>\n<p>[\/et_pb_divider][\/et_pb_column][\/et_pb_row][et_pb_row][et_pb_column type=&#8221;1_3&#8243;][et_pb_image src=&#8221;https:\/\/www.casanovaproduction.fi\/wp-content\/uploads\/2018\/08\/Henkilokunnan_bandisoitto_sumennus.jpg&#8221; show_in_lightbox=&#8221;on&#8221; _builder_version=&#8221;3.9&#8243; saved_tabs=&#8221;all&#8221;]<\/p>\n<p>&nbsp;<\/p>\n<p>[\/et_pb_image][\/et_pb_column][et_pb_column type=&#8221;2_3&#8243;][et_pb_text _builder_version=&#8221;3.9&#8243;]<\/p>\n<h2>Personalens b\u00e4ndspel<\/h2>\n<p> Flera stora f\u00f6retag har best\u00e4llt personalens b\u00e4ndspel, bland annat Nordic Morning Abp, Newsec Ab, DNA Ab, HKScan Abp, Sparbanksf\u00f6rbundet och Pensionsf\u00f6rs\u00e4kringsbolaget Varma.<br \/><strong>F\u00f6r personalen:<\/strong><br \/>Vi arrangerar handledning i alla band- och klassiska musikinstrument p\u00e5 er arbetsplats. Er personal t\u00e4vlar i fyrmannagrupper och l\u00e4r sig en l\u00e5t under ledning av v\u00e5ra professionella handledare. Alternativt kan vi l\u00e4ra ut dans och sk\u00e5despel, och framf\u00f6ra en dansuppvisning. Framtr\u00e4dandet h\u00e5lls under er fest, och skratt och gl\u00e4dje \u00e4r garanterat! Detta passar ocks\u00e5 utm\u00e4rkt som program f\u00f6r julfester!<br \/><em>Vi levererar hela paketet med instrument och allt som beh\u00f6vs.<\/em><br \/><strong>F\u00f6r kunder:<\/strong><br \/>F\u00f6r kundevenemang erbjuder vi ett roligt paket d\u00e4r vi handleder grupper i cirka en timme att spela musik, och avslutningsvis framf\u00f6r vi l\u00e5ten f\u00f6r varandra. Evenemanget h\u00e5lls i lokaler d\u00e4r man kan njuta av tilltugg och ett glas under \u00f6vningarna, och kv\u00e4llen kan avslutas med en middag.<\/p>\n<p>[\/et_pb_text][\/et_pb_column][\/et_pb_row][et_pb_row][et_pb_column type=&#8221;4_4&#8243;][et_pb_divider color=&#8221;#6a0a0b&#8221; show_divider=&#8221;on&#8221; height=&#8221;0px&#8221; _builder_version=&#8221;3.1.1&#8243; saved_tabs=&#8221;all&#8221;]<\/p>\n<p>&nbsp;<\/p>\n<p>[\/et_pb_divider][\/et_pb_column][\/et_pb_row][et_pb_row][et_pb_column type=&#8221;1_3&#8243;][et_pb_gallery gallery_ids=&#8221;25522,25523,25521&#8243; fullwidth=&#8221;on&#8221; hover_icon=&#8221;%%24%%&#8221; _builder_version=&#8221;3.9&#8243; background_layout=&#8221;dark&#8221; animation_style=&#8221;fade&#8221; animation_speed_curve=&#8221;ease-in&#8221; auto=&#8221;on&#8221; text_shadow_style=&#8221;preset3&#8243; zoom_icon_color=&#8221;#cc0000&#8243; hover_overlay_color=&#8221;rgba(255,255,255,0.9)&#8221; saved_tabs=&#8221;all&#8221;]<\/p>\n<p>&nbsp;<\/p>\n<p>[\/et_pb_gallery][\/et_pb_column][et_pb_column type=&#8221;2_3&#8243;][et_pb_text admin_label=&#8221;luonto ja sieniretket&#8221; _builder_version=&#8221;3.9&#8243;]<\/p>\n<h2>Natur- och svamputflykter<\/h2>\n<p> Vi arrangerar guidade svamputflykter i Noux p\u00e5 h\u00f6sten. Guiden \u00e4r en utbildad naturguide, och vi ordnar korvgrillning vid l\u00e4gerplatsen. Utflykten \u00e4r en rolig upplevelse f\u00f6r b\u00e5de finl\u00e4ndare och utl\u00e4ndska g\u00e4ster!<br \/>Det finns m\u00e5nga svampar i den finska naturen som \u00e4r utm\u00e4rkta som f\u00f6da, men vanligtvis fokuserar svampplockare bara p\u00e5 kantareller och trattkantareller. S\u00e4rskilt m\u00e5nga riskor \u00e4r v\u00e4rda att l\u00e4ra k\u00e4nna, d\u00e5 de har en kraftigare smak och \u00e4r l\u00e4tta att hitta i stora m\u00e4ngder.Casanova Production arrangerar skr\u00e4ddarsydda svamputflykter, och h\u00e4r \u00e4r n\u00e5gra exempel:      <\/p>\n<ul>\n<li>Frukost vid l\u00e4gerelden<\/li>\n<li>Svampplockning med naturguide<\/li>\n<li>Lunch vid l\u00e4gerelden<\/li>\n<li>P\u00e5 eftermiddagen korvgrillning och matlagning av de funna svamparna<\/li>\n<li>Musik, gitarrist eller cellist spelar vid l\u00e4gerelden<\/li>\n<\/ul>\n<p>&nbsp;<\/p>\n<p>[\/et_pb_text][\/et_pb_column][\/et_pb_row][et_pb_row][et_pb_column type=&#8221;4_4&#8243;][et_pb_divider color=&#8221;#6a0a0b&#8221; show_divider=&#8221;on&#8221; height=&#8221;0px&#8221; _builder_version=&#8221;3.1.1&#8243; saved_tabs=&#8221;all&#8221;]<\/p>\n<p>&nbsp;<\/p>\n<p>[\/et_pb_divider][\/et_pb_column][\/et_pb_row][et_pb_row][et_pb_column type=&#8221;1_3&#8243;][et_pb_gallery gallery_ids=&#8221;25525&#8243; fullwidth=&#8221;on&#8221; hover_icon=&#8221;%%24%%&#8221; _builder_version=&#8221;3.9&#8243; background_layout=&#8221;dark&#8221; animation_style=&#8221;fade&#8221; animation_speed_curve=&#8221;ease-in&#8221; auto=&#8221;on&#8221; text_shadow_style=&#8221;preset3&#8243; zoom_icon_color=&#8221;#cc0000&#8243; hover_overlay_color=&#8221;rgba(255,255,255,0.9)&#8221; saved_tabs=&#8221;all&#8221;]<\/p>\n<p>&nbsp;<\/p>\n<p>[\/et_pb_gallery][\/et_pb_column][et_pb_column type=&#8221;2_3&#8243;][et_pb_text admin_label=&#8221;Huikulip\u00e4iv\u00e4&#8221; _builder_version=&#8221;3.9&#8243;]<\/p>\n<h2>Musikmeditation, cellomeditation<\/h2>\n<p> En musiker, till exempel en violinist eller cellist, spelar vacker klassisk musik medan m\u00e4nniskor f\u00e5r slappna av p\u00e5 sitt eget s\u00e4tt under tiden. Vi erbjuder \u00e4ven cello- eller kontrabasmeditation. Fr\u00e5ga g\u00e4rna mer, s\u00e5 planerar vi en avkopplande stund som passar er!  &nbsp;<\/p>\n<p>[\/et_pb_text][\/et_pb_column][\/et_pb_row][\/et_pb_section]<\/p>\n","protected":false},"excerpt":{"rendered":"<p><div class=\"et_pb_row et_pb_row_0 et_pb_row_empty\">\n\t\t\t\t\n\t\t\t\t\n\t\t\t\t\n\t\t\t\t\n\t\t\t\t\n\t\t\t<\/div> Program f\u00f6r TyKy-dagen &nbsp; <div class=\"et_pb_row et_pb_row_1 et_pb_row_empty\">\n\t\t\t\t\n\t\t\t\t\n\t\t\t\t\n\t\t\t\t\n\t\t\t\t\n\t\t\t<\/div> &nbsp; Personalens b\u00e4ndspel Flera stora f\u00f6retag har best\u00e4llt personalens b\u00e4ndspel, bland annat Nordic Morning Abp, Newsec Ab, DNA Ab, HKScan Abp, Sparbanksf\u00f6rbundet och Pensionsf\u00f6rs\u00e4kringsbolaget Varma.F\u00f6r personalen:Vi arrangerar handledning i alla band- och klassiska musikinstrument p\u00e5 er arbetsplats. Er personal t\u00e4vlar i fyrmannagrupper och l\u00e4r sig en l\u00e5t under ledning [&hellip;]<\/p>\n","protected":false},"author":4,"featured_media":0,"parent":0,"menu_order":0,"comment_status":"closed","ping_status":"closed","template":"","meta":{"_et_pb_use_builder":"on","_et_pb_old_content":"","_et_gb_content_width":"","footnotes":""},"class_list":["post-26559","page","type-page","status-publish","hentry"],"yoast_head":"<!-- This site is optimized with the Yoast SEO plugin v24.5 - https:\/\/yoast.com\/wordpress\/plugins\/seo\/ -->\n<title>TyKy - Casanova production<\/title>\n<meta name=\"robots\" content=\"index, follow, max-snippet:-1, max-image-preview:large, max-video-preview:-1\" \/>\n<link rel=\"canonical\" href=\"https:\/\/www.casanovaproduction.fi\/sv\/tyky\/\" \/>\n<meta property=\"og:locale\" content=\"sv_SE\" \/>\n<meta property=\"og:type\" content=\"article\" \/>\n<meta property=\"og:title\" content=\"TyKy - Casanova production\" \/>\n<meta property=\"og:description\" content=\"Program f\u00f6r TyKy-dagen &nbsp; &nbsp; Personalens b\u00e4ndspel Flera stora f\u00f6retag har best\u00e4llt personalens b\u00e4ndspel, bland annat Nordic Morning Abp, Newsec Ab, DNA Ab, HKScan Abp, Sparbanksf\u00f6rbundet och Pensionsf\u00f6rs\u00e4kringsbolaget Varma.F\u00f6r personalen:Vi arrangerar handledning i alla band- och klassiska musikinstrument p\u00e5 er arbetsplats. Er personal t\u00e4vlar i fyrmannagrupper och l\u00e4r sig en l\u00e5t under ledning [&hellip;]\" \/>\n<meta property=\"og:url\" content=\"https:\/\/www.casanovaproduction.fi\/sv\/tyky\/\" \/>\n<meta property=\"og:site_name\" content=\"Casanova production\" \/>\n<meta property=\"article:modified_time\" content=\"2024-09-25T10:20:34+00:00\" \/>\n<meta name=\"twitter:card\" content=\"summary_large_image\" \/>\n<meta name=\"twitter:label1\" content=\"Ber\u00e4knad l\u00e4stid\" \/>\n\t<meta name=\"twitter:data1\" content=\"3 minuter\" \/>\n<script type=\"application\/ld+json\" class=\"yoast-schema-graph\">{\"@context\":\"https:\/\/schema.org\",\"@graph\":[{\"@type\":\"WebPage\",\"@id\":\"https:\/\/www.casanovaproduction.fi\/sv\/tyky\/\",\"url\":\"https:\/\/www.casanovaproduction.fi\/sv\/tyky\/\",\"name\":\"TyKy - Casanova production\",\"isPartOf\":{\"@id\":\"https:\/\/www.casanovaproduction.fi\/sv\/#website\"},\"datePublished\":\"2018-08-03T13:14:24+00:00\",\"dateModified\":\"2024-09-25T10:20:34+00:00\",\"breadcrumb\":{\"@id\":\"https:\/\/www.casanovaproduction.fi\/sv\/tyky\/#breadcrumb\"},\"inLanguage\":\"sv-SE\",\"potentialAction\":[{\"@type\":\"ReadAction\",\"target\":[\"https:\/\/www.casanovaproduction.fi\/sv\/tyky\/\"]}]},{\"@type\":\"BreadcrumbList\",\"@id\":\"https:\/\/www.casanovaproduction.fi\/sv\/tyky\/#breadcrumb\",\"itemListElement\":[{\"@type\":\"ListItem\",\"position\":1,\"name\":\"Hem\",\"item\":\"https:\/\/www.casanovaproduction.fi\/sv\/hemsidan\/\"},{\"@type\":\"ListItem\",\"position\":2,\"name\":\"TyKy\"}]},{\"@type\":\"WebSite\",\"@id\":\"https:\/\/www.casanovaproduction.fi\/sv\/#website\",\"url\":\"https:\/\/www.casanovaproduction.fi\/sv\/\",\"name\":\"Casanova production\",\"description\":\"Artister till din fest fr\u00e5n evenemangskontoret. \",\"potentialAction\":[{\"@type\":\"SearchAction\",\"target\":{\"@type\":\"EntryPoint\",\"urlTemplate\":\"https:\/\/www.casanovaproduction.fi\/sv\/?s={search_term_string}\"},\"query-input\":{\"@type\":\"PropertyValueSpecification\",\"valueRequired\":true,\"valueName\":\"search_term_string\"}}],\"inLanguage\":\"sv-SE\"}]}<\/script>\n<!-- \/ Yoast SEO plugin. -->","yoast_head_json":{"title":"TyKy - Casanova production","robots":{"index":"index","follow":"follow","max-snippet":"max-snippet:-1","max-image-preview":"max-image-preview:large","max-video-preview":"max-video-preview:-1"},"canonical":"https:\/\/www.casanovaproduction.fi\/sv\/tyky\/","og_locale":"sv_SE","og_type":"article","og_title":"TyKy - Casanova production","og_description":"Program f\u00f6r TyKy-dagen &nbsp; &nbsp; Personalens b\u00e4ndspel Flera stora f\u00f6retag har best\u00e4llt personalens b\u00e4ndspel, bland annat Nordic Morning Abp, Newsec Ab, DNA Ab, HKScan Abp, Sparbanksf\u00f6rbundet och Pensionsf\u00f6rs\u00e4kringsbolaget Varma.F\u00f6r personalen:Vi arrangerar handledning i alla band- och klassiska musikinstrument p\u00e5 er arbetsplats. Er personal t\u00e4vlar i fyrmannagrupper och l\u00e4r sig en l\u00e5t under ledning [&hellip;]","og_url":"https:\/\/www.casanovaproduction.fi\/sv\/tyky\/","og_site_name":"Casanova production","article_modified_time":"2024-09-25T10:20:34+00:00","twitter_card":"summary_large_image","twitter_misc":{"Ber\u00e4knad l\u00e4stid":"3 minuter"},"schema":{"@context":"https:\/\/schema.org","@graph":[{"@type":"WebPage","@id":"https:\/\/www.casanovaproduction.fi\/sv\/tyky\/","url":"https:\/\/www.casanovaproduction.fi\/sv\/tyky\/","name":"TyKy - Casanova production","isPartOf":{"@id":"https:\/\/www.casanovaproduction.fi\/sv\/#website"},"datePublished":"2018-08-03T13:14:24+00:00","dateModified":"2024-09-25T10:20:34+00:00","breadcrumb":{"@id":"https:\/\/www.casanovaproduction.fi\/sv\/tyky\/#breadcrumb"},"inLanguage":"sv-SE","potentialAction":[{"@type":"ReadAction","target":["https:\/\/www.casanovaproduction.fi\/sv\/tyky\/"]}]},{"@type":"BreadcrumbList","@id":"https:\/\/www.casanovaproduction.fi\/sv\/tyky\/#breadcrumb","itemListElement":[{"@type":"ListItem","position":1,"name":"Hem","item":"https:\/\/www.casanovaproduction.fi\/sv\/hemsidan\/"},{"@type":"ListItem","position":2,"name":"TyKy"}]},{"@type":"WebSite","@id":"https:\/\/www.casanovaproduction.fi\/sv\/#website","url":"https:\/\/www.casanovaproduction.fi\/sv\/","name":"Casanova production","description":"Artister till din fest fr\u00e5n evenemangskontoret. ","potentialAction":[{"@type":"SearchAction","target":{"@type":"EntryPoint","urlTemplate":"https:\/\/www.casanovaproduction.fi\/sv\/?s={search_term_string}"},"query-input":{"@type":"PropertyValueSpecification","valueRequired":true,"valueName":"search_term_string"}}],"inLanguage":"sv-SE"}]}},"_links":{"self":[{"href":"https:\/\/www.casanovaproduction.fi\/sv\/wp-json\/wp\/v2\/pages\/26559","targetHints":{"allow":["GET"]}}],"collection":[{"href":"https:\/\/www.casanovaproduction.fi\/sv\/wp-json\/wp\/v2\/pages"}],"about":[{"href":"https:\/\/www.casanovaproduction.fi\/sv\/wp-json\/wp\/v2\/types\/page"}],"author":[{"embeddable":true,"href":"https:\/\/www.casanovaproduction.fi\/sv\/wp-json\/wp\/v2\/users\/4"}],"replies":[{"embeddable":true,"href":"https:\/\/www.casanovaproduction.fi\/sv\/wp-json\/wp\/v2\/comments?post=26559"}],"version-history":[{"count":2,"href":"https:\/\/www.casanovaproduction.fi\/sv\/wp-json\/wp\/v2\/pages\/26559\/revisions"}],"predecessor-version":[{"id":26563,"href":"https:\/\/www.casanovaproduction.fi\/sv\/wp-json\/wp\/v2\/pages\/26559\/revisions\/26563"}],"wp:attachment":[{"href":"https:\/\/www.casanovaproduction.fi\/sv\/wp-json\/wp\/v2\/media?parent=26559"}],"curies":[{"name":"wp","href":"https:\/\/api.w.org\/{rel}","templated":true}]}}