{"id":26542,"date":"2017-09-25T15:43:57","date_gmt":"2017-09-25T15:43:57","guid":{"rendered":"https:\/\/www.casanovaproduction.fi\/hemsidan\/"},"modified":"2024-10-24T07:40:55","modified_gmt":"2024-10-24T07:40:55","slug":"hemsidan","status":"publish","type":"page","link":"https:\/\/www.casanovaproduction.fi\/sv\/","title":{"rendered":"Hemsidan"},"content":{"rendered":"<p>[et_pb_section fb_built=&#8221;1&#8243; _builder_version=&#8221;4.27.0&#8243; _module_preset=&#8221;default&#8221; background_color=&#8221;RGBA(255,255,255,0)&#8221; custom_padding=&#8221;121px||7px|||&#8221; global_colors_info=&#8221;{}&#8221;][et_pb_row _builder_version=&#8221;4.27.0&#8243; _module_preset=&#8221;default&#8221; global_colors_info=&#8221;{}&#8221;][et_pb_column type=&#8221;4_4&#8243; _builder_version=&#8221;4.27.0&#8243; _module_preset=&#8221;default&#8221; global_colors_info=&#8221;{}&#8221;][et_pb_text _builder_version=&#8221;4.27.0&#8243; _module_preset=&#8221;default&#8221; header_font_size=&#8221;52px&#8221; text_orientation=&#8221;center&#8221; background_layout=&#8221;dark&#8221; global_colors_info=&#8221;{}&#8221;]<\/p>\n<h1>Unika och minnesv\u00e4rda f\u00f6retagsevenemang<\/h1>\n<h3>V\u00e4lkommen till evenemangsbyr\u00e5n Casanova!<\/h3>\n<p>[\/et_pb_text][\/et_pb_column][\/et_pb_row][et_pb_row _builder_version=&#8221;4.27.0&#8243; _module_preset=&#8221;default&#8221; width=&#8221;100%&#8221; max_width=&#8221;100%&#8221; custom_padding=&#8221;||7px|||&#8221; global_colors_info=&#8221;{}&#8221;][et_pb_column type=&#8221;4_4&#8243; _builder_version=&#8221;4.27.0&#8243; _module_preset=&#8221;default&#8221; global_colors_info=&#8221;{}&#8221;][et_pb_portfolio fullwidth=&#8221;off&#8221; show_title=&#8221;off&#8221; show_categories=&#8221;off&#8221; _builder_version=&#8221;4.27.0&#8243; _module_preset=&#8221;default&#8221; custom_margin=&#8221;0px|0px|0px|0px|false|false&#8221; custom_padding=&#8221;0px|0px|0px|0px|false|false&#8221; global_colors_info=&#8221;{}&#8221;][\/et_pb_portfolio][\/et_pb_column][\/et_pb_row][\/et_pb_section][et_pb_section fb_built=&#8221;1&#8243; _builder_version=&#8221;4.27.0&#8243; _module_preset=&#8221;default&#8221; global_colors_info=&#8221;{}&#8221;][\/et_pb_section][et_pb_section fb_built=&#8221;1&#8243; fullwidth=&#8221;on&#8221; disabled_on=&#8221;on|on|on&#8221; _builder_version=&#8221;4.27.0&#8243; background_image=&#8221;https:\/\/www.casanovaproduction.fi\/wp-content\/uploads\/2017\/09\/dimangi.jpg&#8221; background_position=&#8221;top_center&#8221; disabled=&#8221;on&#8221; global_colors_info=&#8221;{}&#8221;][et_pb_fullwidth_header title=&#8221;Unika och minnesv\u00e4rda f\u00f6retagsevenemang&#8221; subhead=&#8221;V\u00e4lkommen till evenemangsbyr\u00e5n Casanova!&#8221; text_orientation=&#8221;center&#8221; _builder_version=&#8221;4.27.0&#8243; title_font_size=&#8221;40px&#8221; title_line_height=&#8221;1.3em&#8221; subhead_font_size=&#8221;22px&#8221; subhead_line_height=&#8221;1.5em&#8221; background_color=&#8221;rgba(255, 255, 255, 0)&#8221; custom_padding=&#8221;35px|||&#8221; title_font_size_tablet=&#8221;&#8221; title_font_size_phone=&#8221;24px&#8221; title_font_size_last_edited=&#8221;on|desktop&#8221; button_one_letter_spacing_hover=&#8221;0&#8243; button_two_letter_spacing_hover=&#8221;0&#8243; global_colors_info=&#8221;{}&#8221; button_one_text_size__hover_enabled=&#8221;off&#8221; button_two_text_size__hover_enabled=&#8221;off&#8221; button_one_text_color__hover_enabled=&#8221;off&#8221; button_two_text_color__hover_enabled=&#8221;off&#8221; button_one_border_width__hover_enabled=&#8221;off&#8221; button_two_border_width__hover_enabled=&#8221;off&#8221; button_one_border_color__hover_enabled=&#8221;off&#8221; button_two_border_color__hover_enabled=&#8221;off&#8221; button_one_border_radius__hover_enabled=&#8221;off&#8221; button_two_border_radius__hover_enabled=&#8221;off&#8221; button_one_letter_spacing__hover_enabled=&#8221;on&#8221; button_one_letter_spacing__hover=&#8221;0&#8243; button_two_letter_spacing__hover_enabled=&#8221;on&#8221; button_two_letter_spacing__hover=&#8221;0&#8243; button_one_bg_color__hover_enabled=&#8221;off&#8221; button_two_bg_color__hover_enabled=&#8221;off&#8221;][\/et_pb_fullwidth_header][et_pb_fullwidth_portfolio posts_number=&#8221;4&#8243; show_date=&#8221;off&#8221; zoom_icon_color=&#8221;#cc0000&#8243; _builder_version=&#8221;4.27.0&#8243; global_colors_info=&#8221;{}&#8221;][\/et_pb_fullwidth_portfolio][\/et_pb_section][et_pb_section fb_built=&#8221;1&#8243; _builder_version=&#8221;4.16&#8243; global_colors_info=&#8221;{}&#8221;][et_pb_row module_class=&#8221; et_pb_row_fullwidth&#8221; _builder_version=&#8221;4.16&#8243; width=&#8221;89%&#8221; width_tablet=&#8221;80%&#8221; width_phone=&#8221;&#8221; width_last_edited=&#8221;on|desktop&#8221; max_width=&#8221;89%&#8221; max_width_tablet=&#8221;80%&#8221; max_width_phone=&#8221;&#8221; max_width_last_edited=&#8221;on|desktop&#8221; module_alignment=&#8221;center&#8221; make_fullwidth=&#8221;on&#8221; global_colors_info=&#8221;{}&#8221;][et_pb_column type=&#8221;4_4&#8243; _builder_version=&#8221;4.16&#8243; custom_padding=&#8221;|||&#8221; global_colors_info=&#8221;{}&#8221; custom_padding__hover=&#8221;|||&#8221;][et_pb_cta title=&#8221;Kontakta oss f\u00f6r mer information&#8221; button_url=&#8221;https:\/\/www.casanovaproduction.fi\/sv\/kontakta-oss\/&#8221; button_text=&#8221;Kontakta oss&#8221; _builder_version=&#8221;4.16&#8243; header_text_color=&#8221;#cc0000&#8243; use_background_color=&#8221;off&#8221; background_layout=&#8221;light&#8221; animation_style=&#8221;bounce&#8221; border_style=&#8221;solid&#8221; button_letter_spacing_hover=&#8221;0&#8243; global_colors_info=&#8221;{}&#8221; button_text_size__hover_enabled=&#8221;off&#8221; button_one_text_size__hover_enabled=&#8221;off&#8221; button_two_text_size__hover_enabled=&#8221;off&#8221; button_text_color__hover_enabled=&#8221;off&#8221; button_one_text_color__hover_enabled=&#8221;off&#8221; button_two_text_color__hover_enabled=&#8221;off&#8221; button_border_width__hover_enabled=&#8221;off&#8221; button_one_border_width__hover_enabled=&#8221;off&#8221; button_two_border_width__hover_enabled=&#8221;off&#8221; button_border_color__hover_enabled=&#8221;off&#8221; button_one_border_color__hover_enabled=&#8221;off&#8221; button_two_border_color__hover_enabled=&#8221;off&#8221; button_border_radius__hover_enabled=&#8221;off&#8221; button_one_border_radius__hover_enabled=&#8221;off&#8221; button_two_border_radius__hover_enabled=&#8221;off&#8221; button_letter_spacing__hover_enabled=&#8221;on&#8221; button_letter_spacing__hover=&#8221;0&#8243; button_one_letter_spacing__hover_enabled=&#8221;off&#8221; button_two_letter_spacing__hover_enabled=&#8221;off&#8221; button_bg_color__hover_enabled=&#8221;off&#8221; button_one_bg_color__hover_enabled=&#8221;off&#8221; button_two_bg_color__hover_enabled=&#8221;off&#8221;]Ber\u00e4tta f\u00f6r oss vilken typ av unikt evenemang vi skulle kunna organisera f\u00f6r ditt f\u00f6retag!<br \/>\n[\/et_pb_cta][et_pb_video src=&#8221;https:\/\/www.youtube.com\/watch?v=o2ASh3S0XwE&#8221; image_src=&#8221;https:\/\/www.casanovaproduction.fi\/wp-content\/uploads\/2018\/04\/videokuv1.jpg&#8221; play_icon_color=&#8221;#ae0101&#8243; admin_label=&#8221;Videon_kuva&#8221; _builder_version=&#8221;4.16&#8243; max_width=&#8221;70%&#8221; module_alignment=&#8221;center&#8221; box_shadow_style=&#8221;preset2&#8243; global_colors_info=&#8221;{}&#8221;][\/et_pb_video][\/et_pb_column][\/et_pb_row][\/et_pb_section][et_pb_section fb_built=&#8221;1&#8243; fullwidth=&#8221;on&#8221; _builder_version=&#8221;4.16&#8243; global_colors_info=&#8221;{}&#8221;][et_pb_fullwidth_image src=&#8221;https:\/\/www.casanovaproduction.fi\/wp-content\/uploads\/2017\/09\/paakuva_muokattu.jpg&#8221; _builder_version=&#8221;4.16&#8243; global_colors_info=&#8221;{}&#8221;][\/et_pb_fullwidth_image][\/et_pb_section]<\/p>\n","protected":false},"excerpt":{"rendered":"<p>Unika och minnesv\u00e4rda f\u00f6retagsevenemang V\u00e4lkommen till evenemangsbyr\u00e5n Casanova!Ber\u00e4tta f\u00f6r oss vilken typ av unikt evenemang vi skulle kunna organisera f\u00f6r ditt f\u00f6retag!<\/p>\n","protected":false},"author":1,"featured_media":0,"parent":0,"menu_order":0,"comment_status":"closed","ping_status":"closed","template":"","meta":{"_et_pb_use_builder":"on","_et_pb_old_content":"","_et_gb_content_width":"","footnotes":""},"class_list":["post-26542","page","type-page","status-publish","hentry"],"yoast_head":"<!-- This site is optimized with the Yoast SEO plugin v24.5 - https:\/\/yoast.com\/wordpress\/plugins\/seo\/ -->\n<title>Eventarrang\u00f6r | Casanova Production<\/title>\n<meta name=\"description\" content=\"Eventarrang\u00f6ren Casanova Production skapar unika events, tillst\u00e4llningar och fester f\u00f6r f\u00f6retag. L\u00e4s mer och kontakta oss redan idag!\" \/>\n<meta name=\"robots\" content=\"index, follow, max-snippet:-1, max-image-preview:large, max-video-preview:-1\" \/>\n<link rel=\"canonical\" href=\"https:\/\/www.casanovaproduction.fi\/sv\/\" \/>\n<meta property=\"og:locale\" content=\"sv_SE\" \/>\n<meta property=\"og:type\" content=\"article\" \/>\n<meta property=\"og:title\" content=\"Eventarrang\u00f6r | Casanova Production\" \/>\n<meta property=\"og:description\" content=\"Eventarrang\u00f6ren Casanova Production skapar unika events, tillst\u00e4llningar och fester f\u00f6r f\u00f6retag. L\u00e4s mer och kontakta oss redan idag!\" \/>\n<meta property=\"og:url\" content=\"https:\/\/www.casanovaproduction.fi\/sv\/\" \/>\n<meta property=\"og:site_name\" content=\"Casanova production\" \/>\n<meta property=\"article:modified_time\" content=\"2024-10-24T07:40:55+00:00\" \/>\n<meta name=\"twitter:card\" content=\"summary_large_image\" \/>\n<meta name=\"twitter:label1\" content=\"Ber\u00e4knad l\u00e4stid\" \/>\n\t<meta name=\"twitter:data1\" content=\"4 minuter\" \/>\n<script type=\"application\/ld+json\" class=\"yoast-schema-graph\">{\"@context\":\"https:\/\/schema.org\",\"@graph\":[{\"@type\":\"WebPage\",\"@id\":\"https:\/\/www.casanovaproduction.fi\/sv\/\",\"url\":\"https:\/\/www.casanovaproduction.fi\/sv\/\",\"name\":\"Eventarrang\u00f6r | Casanova Production\",\"isPartOf\":{\"@id\":\"https:\/\/www.casanovaproduction.fi\/sv\/#website\"},\"datePublished\":\"2017-09-25T15:43:57+00:00\",\"dateModified\":\"2024-10-24T07:40:55+00:00\",\"description\":\"Eventarrang\u00f6ren Casanova Production skapar unika events, tillst\u00e4llningar och fester f\u00f6r f\u00f6retag. L\u00e4s mer och kontakta oss redan idag!\",\"breadcrumb\":{\"@id\":\"https:\/\/www.casanovaproduction.fi\/sv\/#breadcrumb\"},\"inLanguage\":\"sv-SE\",\"potentialAction\":[{\"@type\":\"ReadAction\",\"target\":[\"https:\/\/www.casanovaproduction.fi\/sv\/\"]}]},{\"@type\":\"BreadcrumbList\",\"@id\":\"https:\/\/www.casanovaproduction.fi\/sv\/#breadcrumb\",\"itemListElement\":[{\"@type\":\"ListItem\",\"position\":1,\"name\":\"Hem\",\"item\":\"https:\/\/www.casanovaproduction.fi\/sv\/hemsidan\/\"},{\"@type\":\"ListItem\",\"position\":2,\"name\":\"Hemsidan\"}]},{\"@type\":\"WebSite\",\"@id\":\"https:\/\/www.casanovaproduction.fi\/sv\/#website\",\"url\":\"https:\/\/www.casanovaproduction.fi\/sv\/\",\"name\":\"Casanova production\",\"description\":\"Artister till din fest fr\u00e5n evenemangskontoret. \",\"potentialAction\":[{\"@type\":\"SearchAction\",\"target\":{\"@type\":\"EntryPoint\",\"urlTemplate\":\"https:\/\/www.casanovaproduction.fi\/sv\/?s={search_term_string}\"},\"query-input\":{\"@type\":\"PropertyValueSpecification\",\"valueRequired\":true,\"valueName\":\"search_term_string\"}}],\"inLanguage\":\"sv-SE\"}]}<\/script>\n<!-- \/ Yoast SEO plugin. -->","yoast_head_json":{"title":"Eventarrang\u00f6r | Casanova Production","description":"Eventarrang\u00f6ren Casanova Production skapar unika events, tillst\u00e4llningar och fester f\u00f6r f\u00f6retag. L\u00e4s mer och kontakta oss redan idag!","robots":{"index":"index","follow":"follow","max-snippet":"max-snippet:-1","max-image-preview":"max-image-preview:large","max-video-preview":"max-video-preview:-1"},"canonical":"https:\/\/www.casanovaproduction.fi\/sv\/","og_locale":"sv_SE","og_type":"article","og_title":"Eventarrang\u00f6r | Casanova Production","og_description":"Eventarrang\u00f6ren Casanova Production skapar unika events, tillst\u00e4llningar och fester f\u00f6r f\u00f6retag. L\u00e4s mer och kontakta oss redan idag!","og_url":"https:\/\/www.casanovaproduction.fi\/sv\/","og_site_name":"Casanova production","article_modified_time":"2024-10-24T07:40:55+00:00","twitter_card":"summary_large_image","twitter_misc":{"Ber\u00e4knad l\u00e4stid":"4 minuter"},"schema":{"@context":"https:\/\/schema.org","@graph":[{"@type":"WebPage","@id":"https:\/\/www.casanovaproduction.fi\/sv\/","url":"https:\/\/www.casanovaproduction.fi\/sv\/","name":"Eventarrang\u00f6r | Casanova Production","isPartOf":{"@id":"https:\/\/www.casanovaproduction.fi\/sv\/#website"},"datePublished":"2017-09-25T15:43:57+00:00","dateModified":"2024-10-24T07:40:55+00:00","description":"Eventarrang\u00f6ren Casanova Production skapar unika events, tillst\u00e4llningar och fester f\u00f6r f\u00f6retag. L\u00e4s mer och kontakta oss redan idag!","breadcrumb":{"@id":"https:\/\/www.casanovaproduction.fi\/sv\/#breadcrumb"},"inLanguage":"sv-SE","potentialAction":[{"@type":"ReadAction","target":["https:\/\/www.casanovaproduction.fi\/sv\/"]}]},{"@type":"BreadcrumbList","@id":"https:\/\/www.casanovaproduction.fi\/sv\/#breadcrumb","itemListElement":[{"@type":"ListItem","position":1,"name":"Hem","item":"https:\/\/www.casanovaproduction.fi\/sv\/hemsidan\/"},{"@type":"ListItem","position":2,"name":"Hemsidan"}]},{"@type":"WebSite","@id":"https:\/\/www.casanovaproduction.fi\/sv\/#website","url":"https:\/\/www.casanovaproduction.fi\/sv\/","name":"Casanova production","description":"Artister till din fest fr\u00e5n evenemangskontoret. ","potentialAction":[{"@type":"SearchAction","target":{"@type":"EntryPoint","urlTemplate":"https:\/\/www.casanovaproduction.fi\/sv\/?s={search_term_string}"},"query-input":{"@type":"PropertyValueSpecification","valueRequired":true,"valueName":"search_term_string"}}],"inLanguage":"sv-SE"}]}},"_links":{"self":[{"href":"https:\/\/www.casanovaproduction.fi\/sv\/wp-json\/wp\/v2\/pages\/26542","targetHints":{"allow":["GET"]}}],"collection":[{"href":"https:\/\/www.casanovaproduction.fi\/sv\/wp-json\/wp\/v2\/pages"}],"about":[{"href":"https:\/\/www.casanovaproduction.fi\/sv\/wp-json\/wp\/v2\/types\/page"}],"author":[{"embeddable":true,"href":"https:\/\/www.casanovaproduction.fi\/sv\/wp-json\/wp\/v2\/users\/1"}],"replies":[{"embeddable":true,"href":"https:\/\/www.casanovaproduction.fi\/sv\/wp-json\/wp\/v2\/comments?post=26542"}],"version-history":[{"count":11,"href":"https:\/\/www.casanovaproduction.fi\/sv\/wp-json\/wp\/v2\/pages\/26542\/revisions"}],"predecessor-version":[{"id":26647,"href":"https:\/\/www.casanovaproduction.fi\/sv\/wp-json\/wp\/v2\/pages\/26542\/revisions\/26647"}],"wp:attachment":[{"href":"https:\/\/www.casanovaproduction.fi\/sv\/wp-json\/wp\/v2\/media?parent=26542"}],"curies":[{"name":"wp","href":"https:\/\/api.w.org\/{rel}","templated":true}]}}